{"id":8416,"date":"2016-10-04T15:11:54","date_gmt":"2016-10-04T15:11:54","guid":{"rendered":"http:\/\/nogods-nomasters.com\/nogodsnomasters\/produto\/better-leave-town-flat-lp-ngnm-012\/"},"modified":"2025-10-10T12:48:15","modified_gmt":"2025-10-10T12:48:15","slug":"better-leave-town-flat-lp-ngnm-012","status":"publish","type":"product","link":"https:\/\/nogods-nomasters.com\/nogodsnomasters\/produto\/better-leave-town-flat-lp-ngnm-012\/","title":{"rendered":"Better Leave Town &#8211; Flat LP (NGNM 012)"},"content":{"rendered":"<p style=\"text-align: justify;\"><span style=\"font-size: 12pt; font-family: verdana,geneva,sans-serif;\">J\u00e1 falamos antes que o Better Leave Town toca as m\u00fasicas mais inspiradoras para pegar a estrada e deixarmos de insistir nas cidades e agora a trilha sonora ganha mais um trecho. Flat, o segundo disco do Better Leave Town, soa como uma continuidade do primeiro disco, mas com uma certa melancolia a mais e o mais lindo \u00e9 essa melancolia estar em m\u00fasicas extremamente empolgantes.<\/span><\/p>\n<p style=\"text-align: justify;\"><span style=\"font-size: 12pt; font-family: verdana,geneva,sans-serif;\">A banda soa exatamente como os 4 s\u00e3o, amigos. Parece que eles conseguem transmitir este sentimento de amizade de forma t\u00e3o sincera que toca tamb\u00e9m nossos cora\u00e7\u00f5es.<\/span><\/p>\n<p style=\"text-align: justify;\"><span style=\"font-size: 12pt; font-family: verdana,geneva,sans-serif;\">S\u00e3o 10 lindas musicas, sendo uma instrumental (a mais melanc\u00f3lica e n\u00e3o t\u00e3o instrumental assim), constru\u00eddas com \u00f3timos timbres de cordas, bateria e uma mix que soa como o nome do disco, flat, algo leve, f\u00e1cil e ador\u00e1vel de se ouvir.<\/span><\/p>\n<p style=\"text-align: justify;\"><span style=\"font-size: 12pt; font-family: verdana,geneva,sans-serif;\">N\u00f3s, da No Gods No Masters, estamos muito felizes de lan\u00e7ar este disco, de sentir tudo que este disco transmite.<br \/>\n<\/span><\/p>\n<span class=\"embed-youtube\" style=\"text-align:center; display: block;\"><iframe loading=\"lazy\" class=\"youtube-player\" width=\"1080\" height=\"608\" src=\"https:\/\/www.youtube.com\/embed\/cVt5rgaB6BE?version=3&#038;rel=1&#038;showsearch=0&#038;showinfo=1&#038;iv_load_policy=1&#038;fs=1&#038;hl=pt-BR&#038;autohide=2&#038;wmode=transparent\" allowfullscreen=\"true\" style=\"border:0;\" sandbox=\"allow-scripts allow-same-origin allow-popups allow-presentation allow-popups-to-escape-sandbox\"><\/iframe><\/span>\n","protected":false},"excerpt":{"rendered":"<p>J\u00e1 falamos antes que o Better Leave Town toca as m\u00fasicas mais inspiradoras para pegar a estrada e deixarmos de insistir nas cidades e agora a trilha sonora ganha mais um trecho. Flat, o segundo disco do Better Leave Town, soa como uma continuidade do primeiro disco, mas com uma certa melancolia a mais e [&hellip;]<\/p>\n","protected":false},"featured_media":8417,"template":"","meta":{"_et_pb_use_builder":"","_et_pb_old_content":"","_et_gb_content_width":"","jetpack_post_was_ever_published":false,"jetpack_publicize_message":"","jetpack_publicize_feature_enabled":true,"jetpack_social_post_already_shared":true,"jetpack_social_options":{"image_generator_settings":{"template":"highway","default_image_id":0,"font":"","enabled":false},"version":2}},"product_brand":[],"product_cat":[46,61,1133,53,59],"product_tag":[470,675,109],"class_list":{"0":"post-8416","1":"product","2":"type-product","3":"status-publish","4":"has-post-thumbnail","6":"product_cat-discos","7":"product_cat-lp","8":"product_cat-oferta","9":"product_cat-nossoslancamentos","10":"product_cat-vinil","11":"product_tag-better-leave-town","12":"product_tag-curitiba-hardcore","13":"product_tag-no-gods-no-masters","15":"first","16":"instock","17":"sale","18":"shipping-taxable","19":"purchasable","20":"product-type-simple"},"jetpack_publicize_connections":[],"jetpack_sharing_enabled":true,"jetpack-related-posts":[],"_links":{"self":[{"href":"https:\/\/nogods-nomasters.com\/nogodsnomasters\/wp-json\/wp\/v2\/product\/8416","targetHints":{"allow":["GET"]}}],"collection":[{"href":"https:\/\/nogods-nomasters.com\/nogodsnomasters\/wp-json\/wp\/v2\/product"}],"about":[{"href":"https:\/\/nogods-nomasters.com\/nogodsnomasters\/wp-json\/wp\/v2\/types\/product"}],"wp:featuredmedia":[{"embeddable":true,"href":"https:\/\/nogods-nomasters.com\/nogodsnomasters\/wp-json\/wp\/v2\/media\/8417"}],"wp:attachment":[{"href":"https:\/\/nogods-nomasters.com\/nogodsnomasters\/wp-json\/wp\/v2\/media?parent=8416"}],"wp:term":[{"taxonomy":"product_brand","embeddable":true,"href":"https:\/\/nogods-nomasters.com\/nogodsnomasters\/wp-json\/wp\/v2\/product_brand?post=8416"},{"taxonomy":"product_cat","embeddable":true,"href":"https:\/\/nogods-nomasters.com\/nogodsnomasters\/wp-json\/wp\/v2\/product_cat?post=8416"},{"taxonomy":"product_tag","embeddable":true,"href":"https:\/\/nogods-nomasters.com\/nogodsnomasters\/wp-json\/wp\/v2\/product_tag?post=8416"}],"curies":[{"name":"wp","href":"https:\/\/api.w.org\/{rel}","templated":true}]}}