{"id":8767,"date":"2016-12-05T19:56:18","date_gmt":"2016-12-05T19:56:18","guid":{"rendered":"http:\/\/nogods-nomasters.com\/nogodsnomasters\/produto\/crash-kills-four-a-raincoat-and-shoes-and-pornographic-blues-lp\/"},"modified":"2025-08-15T23:33:25","modified_gmt":"2025-08-15T23:33:25","slug":"crash-kills-four-a-raincoat-and-shoes-and-pornographic-blues-lp","status":"publish","type":"product","link":"https:\/\/nogods-nomasters.com\/nogodsnomasters\/produto\/crash-kills-four-a-raincoat-and-shoes-and-pornographic-blues-lp\/","title":{"rendered":"Crash kills four &#8211; A Raincoat And Shoes And Pornographic Blues LP"},"content":{"rendered":"<p style=\"text-align: justify\"><span style=\"font-size: 12pt;font-family: verdana,geneva,sans-serif\">Crash Kills Four \u00e9 uma banda formada em 1990 na Calif\u00f3rnia por membros de bandas como Adolescents, Doggy Style e outros amigos envolvidos em diversas bandas punks. A ideia era juntar for\u00e7as para fazer um som que mesclasse os gostos de todos e que fosse empolgante. E \u00e9, este disco \u00e9 bastante empolgante, traz 13 musicas muito bem elaboradas.<\/span><br \/>\n<a id=\"m_706604786515672412LPlnk83962\" class=\"m_706604786515672412OWAAutoLink\" href=\"https:\/\/www.youtube.com\/watch?v=6dLpBnKT2Ug\" target=\"_blank\" rel=\"noopener noreferrer\" data-saferedirecturl=\"https:\/\/www.google.com\/url?hl=pt-BR&amp;q=https:\/\/www.youtube.com\/watch?v%3D6dLpBnKT2Ug&amp;source=gmail&amp;ust=1481051311441000&amp;usg=AFQjCNGk-K3tQYdyYaErqcblMgfm2gb4Gw\"><\/a><\/p>\n<span class=\"embed-youtube\" style=\"text-align:center; display: block;\"><iframe loading=\"lazy\" class=\"youtube-player\" width=\"1080\" height=\"608\" src=\"https:\/\/www.youtube.com\/embed\/6dLpBnKT2Ug?version=3&#038;rel=1&#038;showsearch=0&#038;showinfo=1&#038;iv_load_policy=1&#038;fs=1&#038;hl=pt-BR&#038;autohide=2&#038;wmode=transparent\" allowfullscreen=\"true\" style=\"border:0;\" sandbox=\"allow-scripts allow-same-origin allow-popups allow-presentation allow-popups-to-escape-sandbox\"><\/iframe><\/span>\n","protected":false},"excerpt":{"rendered":"<p>Crash Kills Four \u00e9 uma banda formada em 1990 na Calif\u00f3rnia por membros de bandas como Adolescents, Doggy Style e outros amigos envolvidos em diversas bandas punks. A ideia era juntar for\u00e7as para fazer um som que mesclasse os gostos de todos e que fosse empolgante. E \u00e9, este disco \u00e9 bastante empolgante, traz 13 [&hellip;]<\/p>\n","protected":false},"featured_media":8769,"template":"","meta":{"_et_pb_use_builder":"","_et_pb_old_content":"","_et_gb_content_width":"","jetpack_post_was_ever_published":false,"jetpack_publicize_message":"","jetpack_publicize_feature_enabled":true,"jetpack_social_post_already_shared":true,"jetpack_social_options":{"image_generator_settings":{"template":"highway","default_image_id":0,"font":"","enabled":false},"version":2}},"product_brand":[],"product_cat":[46,61,1133,59],"product_tag":[766],"class_list":{"0":"post-8767","1":"product","2":"type-product","3":"status-publish","4":"has-post-thumbnail","6":"product_cat-discos","7":"product_cat-lp","8":"product_cat-oferta","9":"product_cat-vinil","10":"product_tag-crash-kills-four","12":"first","13":"instock","14":"sale","15":"shipping-taxable","16":"purchasable","17":"product-type-simple"},"jetpack_publicize_connections":[],"jetpack_sharing_enabled":true,"jetpack-related-posts":[],"_links":{"self":[{"href":"https:\/\/nogods-nomasters.com\/nogodsnomasters\/wp-json\/wp\/v2\/product\/8767","targetHints":{"allow":["GET"]}}],"collection":[{"href":"https:\/\/nogods-nomasters.com\/nogodsnomasters\/wp-json\/wp\/v2\/product"}],"about":[{"href":"https:\/\/nogods-nomasters.com\/nogodsnomasters\/wp-json\/wp\/v2\/types\/product"}],"wp:featuredmedia":[{"embeddable":true,"href":"https:\/\/nogods-nomasters.com\/nogodsnomasters\/wp-json\/wp\/v2\/media\/8769"}],"wp:attachment":[{"href":"https:\/\/nogods-nomasters.com\/nogodsnomasters\/wp-json\/wp\/v2\/media?parent=8767"}],"wp:term":[{"taxonomy":"product_brand","embeddable":true,"href":"https:\/\/nogods-nomasters.com\/nogodsnomasters\/wp-json\/wp\/v2\/product_brand?post=8767"},{"taxonomy":"product_cat","embeddable":true,"href":"https:\/\/nogods-nomasters.com\/nogodsnomasters\/wp-json\/wp\/v2\/product_cat?post=8767"},{"taxonomy":"product_tag","embeddable":true,"href":"https:\/\/nogods-nomasters.com\/nogodsnomasters\/wp-json\/wp\/v2\/product_tag?post=8767"}],"curies":[{"name":"wp","href":"https:\/\/api.w.org\/{rel}","templated":true}]}}